{"id":53,"date":"2023-09-17T15:46:30","date_gmt":"2023-09-17T15:46:30","guid":{"rendered":"https:\/\/riideso.com\/?page_id=53"},"modified":"2023-10-08T00:02:08","modified_gmt":"2023-10-08T00:02:08","slug":"publicaciones","status":"publish","type":"page","link":"https:\/\/riideso.com\/index.php\/publicaciones\/","title":{"rendered":"Publicaciones"},"content":{"rendered":"\t\t<div data-elementor-type=\"wp-page\" data-elementor-id=\"53\" class=\"elementor elementor-53\">\n\t\t\t\t\t\t\t<div class=\"elementor-element elementor-element-71727e5 e-flex e-con-boxed e-con e-parent\" data-id=\"71727e5\" data-element_type=\"container\" data-settings=\"{&quot;background_background&quot;:&quot;slideshow&quot;,&quot;background_slideshow_gallery&quot;:[{&quot;id&quot;:149,&quot;url&quot;:&quot;http:\\\/\\\/riideso.com\\\/wp-content\\\/uploads\\\/2023\\\/09\\\/fondosss-06.jpg&quot;},{&quot;id&quot;:150,&quot;url&quot;:&quot;http:\\\/\\\/riideso.com\\\/wp-content\\\/uploads\\\/2023\\\/09\\\/fondosss-05.jpg&quot;},{&quot;id&quot;:151,&quot;url&quot;:&quot;http:\\\/\\\/riideso.com\\\/wp-content\\\/uploads\\\/2023\\\/09\\\/fondosss-04.jpg&quot;}],&quot;background_slideshow_lazyload&quot;:&quot;yes&quot;,&quot;background_slideshow_ken_burns&quot;:&quot;yes&quot;,&quot;shape_divider_bottom&quot;:&quot;curve-asymmetrical&quot;,&quot;shape_divider_bottom_negative&quot;:&quot;yes&quot;,&quot;content_width&quot;:&quot;boxed&quot;,&quot;background_slideshow_loop&quot;:&quot;yes&quot;,&quot;background_slideshow_slide_duration&quot;:5000,&quot;background_slideshow_slide_transition&quot;:&quot;fade&quot;,&quot;background_slideshow_transition_duration&quot;:500,&quot;background_slideshow_ken_burns_zoom_direction&quot;:&quot;in&quot;}\" data-core-v316-plus=\"true\">\n\t\t\t\t\t<div class=\"e-con-inner\">\n\t\t\t\t<div class=\"elementor-shape elementor-shape-bottom\" data-negative=\"true\">\n\t\t\t<svg xmlns=\"http:\/\/www.w3.org\/2000\/svg\" viewBox=\"0 0 1000 100\" preserveAspectRatio=\"none\">\n\t<path class=\"elementor-shape-fill\" d=\"M615.2,96.7C240.2,97.8,0,18.9,0,0v100h1000V0C1000,19.2,989.8,96,615.2,96.7z\"\/>\n<\/svg>\t\t<\/div>\n\t\t<div class=\"elementor-element elementor-element-f6be3b4 e-flex e-con-boxed e-con e-child\" data-id=\"f6be3b4\" data-element_type=\"container\" data-settings=\"{&quot;content_width&quot;:&quot;boxed&quot;}\">\n\t\t\t\t\t<div class=\"e-con-inner\">\n\t\t\t\t<div class=\"elementor-element elementor-element-981d383 elementor-widget elementor-widget-heading\" data-id=\"981d383\" data-element_type=\"widget\" data-widget_type=\"heading.default\">\n\t\t\t\t<div class=\"elementor-widget-container\">\n\t\t\t<style>\/*! elementor - v3.16.0 - 20-09-2023 *\/\n.elementor-heading-title{padding:0;margin:0;line-height:1}.elementor-widget-heading .elementor-heading-title[class*=elementor-size-]>a{color:inherit;font-size:inherit;line-height:inherit}.elementor-widget-heading .elementor-heading-title.elementor-size-small{font-size:15px}.elementor-widget-heading .elementor-heading-title.elementor-size-medium{font-size:19px}.elementor-widget-heading .elementor-heading-title.elementor-size-large{font-size:29px}.elementor-widget-heading .elementor-heading-title.elementor-size-xl{font-size:39px}.elementor-widget-heading .elementor-heading-title.elementor-size-xxl{font-size:59px}<\/style><h2 class=\"elementor-heading-title elementor-size-default\">Publicaciones<\/h2>\t\t<\/div>\n\t\t\t\t<\/div>\n\t\t\t\t<div class=\"elementor-element elementor-element-22c427c elementor-widget elementor-widget-text-editor\" data-id=\"22c427c\" data-element_type=\"widget\" data-widget_type=\"text-editor.default\">\n\t\t\t\t<div class=\"elementor-widget-container\">\n\t\t\t<style>\/*! elementor - v3.16.0 - 20-09-2023 *\/\n.elementor-widget-text-editor.elementor-drop-cap-view-stacked .elementor-drop-cap{background-color:#69727d;color:#fff}.elementor-widget-text-editor.elementor-drop-cap-view-framed .elementor-drop-cap{color:#69727d;border:3px solid;background-color:transparent}.elementor-widget-text-editor:not(.elementor-drop-cap-view-default) .elementor-drop-cap{margin-top:8px}.elementor-widget-text-editor:not(.elementor-drop-cap-view-default) .elementor-drop-cap-letter{width:1em;height:1em}.elementor-widget-text-editor .elementor-drop-cap{float:left;text-align:center;line-height:1;font-size:50px}.elementor-widget-text-editor .elementor-drop-cap-letter{display:inline-block}<\/style>\t\t\t\t<p>Para la circulaci\u00f3n y apropiaci\u00f3n social del conocimiento, RIIDESO cuenta con la colaboraci\u00f3n de los siguientes medios de publicaci\u00f3n a disposici\u00f3n de la comunidad cient\u00edfica, pertenecientes a entidades aliadas a la red\u00a0<\/p>\t\t\t\t\t\t<\/div>\n\t\t\t\t<\/div>\n\t\t\t\t\t<\/div>\n\t\t\t\t<\/div>\n\t\t\t\t\t<\/div>\n\t\t\t\t<\/div>\n\t\t<div class=\"elementor-element elementor-element-0a88f01 e-flex e-con-boxed e-con e-parent\" data-id=\"0a88f01\" data-element_type=\"container\" data-settings=\"{&quot;content_width&quot;:&quot;boxed&quot;}\" data-core-v316-plus=\"true\">\n\t\t\t\t\t<div class=\"e-con-inner\">\n\t\t\t\t<div class=\"elementor-element elementor-element-d6cf084 elementor-widget elementor-widget-elementskit-blog-posts\" data-id=\"d6cf084\" data-element_type=\"widget\" data-widget_type=\"elementskit-blog-posts.default\">\n\t\t\t\t<div class=\"elementor-widget-container\">\n\t\t\t<div class=\"ekit-wid-con\" >        <div id=\"post-items--d6cf084\" class=\"row post-items\" data-masonry-config=\"true\">\n                    <div class=\"col-lg-4 col-md-6\">\n\n                                    <div class=\"elementskit-post-image-card\">\n                        <div class=\"elementskit-entry-header\">\n                                                            <a href=\"https:\/\/riideso.com\/index.php\/2023\/09\/28\/vol-11-num-21-2022-investigacion-en-ciencias-administrativas\/\" class=\"elementskit-entry-thumb\">\n                                    <img decoding=\"async\" src=\"https:\/\/riideso.com\/wp-content\/uploads\/2023\/09\/logoICA1-300x259.jpg\" alt=\"Vol. 11 N\u00fam. 21 (2022): Investigaci\u00f3n en Ciencias Administrativas\">\n                                <\/a><!-- .elementskit-entry-thumb END -->\n                                                            \n                            \n\t\t\t\t\t\t\t\t\t\t\t\t\t<\/div><!-- .elementskit-entry-header END -->\n\n\t\t\t\t\t\t<div class=\"elementskit-post-body \">\n\t\t\t\t\t\t\t\n\t\t\t\t\t\t\t\t\t\t\t\t\t\t\t\t\t\t\t\t\t\t\t\t\t\t\t\t\t\t\n\t\t\t\t\t\t\t\t\n\t\t\t\t\t\t\t\t\t\t\t\t\t\t\t\t\t\t\t\t\t<h2 class=\"entry-title\">\n\t\t\t\t\t<a href=\"https:\/\/riideso.com\/index.php\/2023\/09\/28\/vol-11-num-21-2022-investigacion-en-ciencias-administrativas\/\">\n\t\t\t\t\t\tVol. 11 N\u00fam. 21 (2022): Investigaci\u00f3n en Ciencias Administrativas\t\t\t\t\t<\/a>\n\t\t\t\t<\/h2>\n\t\t\t\t\t\t\t\t\t\t\t\t\t\t\t\t\t\t\t\t\t\t\t\t\t\t\t\t\t\t\t\t\t\t\t\t\t\t\t\t\t\t<p>Aplicar una consultor\u00eda general a una planta del giro industrial automotriz en Tetakawi de Empalme,&hellip;<\/p>\n\t\t\t\t\t\t\t\t\t\t\t\t\t\t\t\t\t\t\t\t\t\t                                                            <div class=\"btn-wraper\">\n                                    \n                                                                            <a href=\"https:\/\/riideso.com\/index.php\/2023\/09\/28\/vol-11-num-21-2022-investigacion-en-ciencias-administrativas\/\" class=\"elementskit-btn  whitespace--normal\" >\n                                                                                    Saber m\u00e1s                                         <\/a>\n                                                                    <\/div>\n                                                    <\/div><!-- .elementskit-post-body END -->\n                    <\/div>\n                \n            <\/div>\n                    <div class=\"col-lg-4 col-md-6\">\n\n                                    <div class=\"elementskit-post-image-card\">\n                        <div class=\"elementskit-entry-header\">\n                                                            <a href=\"https:\/\/riideso.com\/index.php\/2023\/09\/12\/publicacion-prueba\/\" class=\"elementskit-entry-thumb\">\n                                    <img decoding=\"async\" src=\"https:\/\/riideso.com\/wp-content\/uploads\/2023\/09\/desarrollo-gerencial.png\" alt=\"Revista Desarrollo Gerencial\">\n                                <\/a><!-- .elementskit-entry-thumb END -->\n                                                            \n                            \n\t\t\t\t\t\t\t\t\t\t\t\t\t<\/div><!-- .elementskit-entry-header END -->\n\n\t\t\t\t\t\t<div class=\"elementskit-post-body \">\n\t\t\t\t\t\t\t\n\t\t\t\t\t\t\t\t\t\t\t\t\t\t\t\t\t\t\t\t\t\t\t\t\t\t\t\t\t\t\n\t\t\t\t\t\t\t\t\n\t\t\t\t\t\t\t\t\t\t\t\t\t\t\t\t\t\t\t\t\t<h2 class=\"entry-title\">\n\t\t\t\t\t<a href=\"https:\/\/riideso.com\/index.php\/2023\/09\/12\/publicacion-prueba\/\">\n\t\t\t\t\t\tRevista Desarrollo Gerencial\t\t\t\t\t<\/a>\n\t\t\t\t<\/h2>\n\t\t\t\t\t\t\t\t\t\t\t\t\t\t\t\t\t\t\t\t\t\t\t\t\t\t\t\t\t\t\t\t\t\t\t\t\t\t\t\t\t\t<p>Conoce sobre el Desarrollo Gerencial y el proceso esencial para fortalecer las habilidades, competencias y&hellip;<\/p>\n\t\t\t\t\t\t\t\t\t\t\t\t\t\t\t\t\t\t\t\t\t\t                                                            <div class=\"btn-wraper\">\n                                    \n                                                                            <a href=\"https:\/\/riideso.com\/index.php\/2023\/09\/12\/publicacion-prueba\/\" class=\"elementskit-btn  whitespace--normal\" >\n                                                                                    Saber m\u00e1s                                         <\/a>\n                                                                    <\/div>\n                                                    <\/div><!-- .elementskit-post-body END -->\n                    <\/div>\n                \n            <\/div>\n                <\/div>\n       <\/div>\t\t<\/div>\n\t\t\t\t<\/div>\n\t\t\t\t\t<\/div>\n\t\t\t\t<\/div>\n\t\t\t\t\t\t\t<\/div>\n\t\t","protected":false},"excerpt":{"rendered":"<p>Publicaciones Para la circulaci\u00f3n y apropiaci\u00f3n social del conocimiento, RIIDESO cuenta con la colaboraci\u00f3n de los siguientes medios de publicaci\u00f3n a disposici\u00f3n de la comunidad cient\u00edfica, pertenecientes a entidades aliadas a la red\u00a0 Vol. 11 N\u00fam. 21 (2022): Investigaci\u00f3n en Ciencias Administrativas Aplicar una consultor\u00eda general a una planta del giro industrial automotriz en Tetakawi &hellip;<\/p>\n<p class=\"read-more\"> <a class=\"\" href=\"https:\/\/riideso.com\/index.php\/2023\/09\/12\/publicacion-prueba\/\"> <span class=\"screen-reader-text\">Revista Desarrollo Gerencial<\/span> Leer m\u00e1s \u00bb<\/a><\/p>\n","protected":false},"author":1,"featured_media":0,"parent":0,"menu_order":0,"comment_status":"closed","ping_status":"closed","template":"","meta":{"site-sidebar-layout":"no-sidebar","site-content-layout":"","ast-site-content-layout":"full-width-container","site-content-style":"default","site-sidebar-style":"default","ast-global-header-display":"","ast-banner-title-visibility":"","ast-main-header-display":"","ast-hfb-above-header-display":"","ast-hfb-below-header-display":"","ast-hfb-mobile-header-display":"","site-post-title":"disabled","ast-breadcrumbs-content":"","ast-featured-img":"disabled","footer-sml-layout":"","theme-transparent-header-meta":"","adv-header-id-meta":"","stick-header-meta":"","header-above-stick-meta":"","header-main-stick-meta":"","header-below-stick-meta":"","astra-migrate-meta-layouts":"","footnotes":""},"_links":{"self":[{"href":"https:\/\/riideso.com\/index.php\/wp-json\/wp\/v2\/pages\/53"}],"collection":[{"href":"https:\/\/riideso.com\/index.php\/wp-json\/wp\/v2\/pages"}],"about":[{"href":"https:\/\/riideso.com\/index.php\/wp-json\/wp\/v2\/types\/page"}],"author":[{"embeddable":true,"href":"https:\/\/riideso.com\/index.php\/wp-json\/wp\/v2\/users\/1"}],"replies":[{"embeddable":true,"href":"https:\/\/riideso.com\/index.php\/wp-json\/wp\/v2\/comments?post=53"}],"version-history":[{"count":25,"href":"https:\/\/riideso.com\/index.php\/wp-json\/wp\/v2\/pages\/53\/revisions"}],"predecessor-version":[{"id":539,"href":"https:\/\/riideso.com\/index.php\/wp-json\/wp\/v2\/pages\/53\/revisions\/539"}],"wp:attachment":[{"href":"https:\/\/riideso.com\/index.php\/wp-json\/wp\/v2\/media?parent=53"}],"curies":[{"name":"wp","href":"https:\/\/api.w.org\/{rel}","templated":true}]}}